{"id":20,"date":"2020-06-21T10:39:19","date_gmt":"2020-06-21T13:39:19","guid":{"rendered":"https:\/\/browe.com.br\/?page_id=20"},"modified":"2020-07-20T10:53:38","modified_gmt":"2020-07-20T13:53:38","slug":"sobre","status":"publish","type":"page","link":"https:\/\/browe.com.br\/index.php\/sobre\/","title":{"rendered":"Quem Somos"},"content":{"rendered":"\r\n<p>A BROWe! \u00e9 uma microcervejaria que nasce com o esp\u00edrito de confraria, no intuito de compartilhar bons momentos e boas cervejas! Com produ\u00e7\u00e3o de r\u00f3tulos pr\u00f3prios e terceiriza\u00e7\u00e3o (ciganos), a BROWe! est\u00e1 sempre em busca de proporcionar novas experi\u00eancias e cervejas excelentes.&nbsp;<\/p>\r\n\r\n\r\n\r\n\r\n\r\n<p>Nossa f\u00e1brica conta com uma \u00e1rea de atendimento com 10 torneiras sempre abastecidas com as melhores cervejas. Tamb\u00e9m realizamos eventos customizados (particulares e corporativos) buscando sempre proporcionar experi\u00eancias \u00fanicas.<br>Assim que tudo se normalizar, venha conhecer a produ\u00e7\u00e3o e degustar uma cerveja junto aos propriet\u00e1rios!<\/p>\r\n\r\n\r\n\r\n<figure class=\"wp-block-image size-large\"><img decoding=\"async\" loading=\"lazy\" width=\"955\" height=\"955\" class=\"wp-image-56\" src=\"https:\/\/browe.com.br\/wp-content\/uploads\/2020\/06\/quem-somos.png\" alt=\"\" srcset=\"https:\/\/browe.com.br\/wp-content\/uploads\/2020\/06\/quem-somos.png 955w, https:\/\/browe.com.br\/wp-content\/uploads\/2020\/06\/quem-somos-300x300.png 300w, https:\/\/browe.com.br\/wp-content\/uploads\/2020\/06\/quem-somos-150x150.png 150w, https:\/\/browe.com.br\/wp-content\/uploads\/2020\/06\/quem-somos-768x768.png 768w, https:\/\/browe.com.br\/wp-content\/uploads\/2020\/06\/quem-somos-600x600.png 600w\" sizes=\"(max-width: 955px) 100vw, 955px\" \/><\/figure>\r\n","protected":false},"excerpt":{"rendered":"<p>A BROWe! \u00e9 uma microcervejaria que nasce com o esp\u00edrito de confraria, no intuito de compartilhar bons momentos e boas cervejas! Com produ\u00e7\u00e3o de r\u00f3tulos pr\u00f3prios e terceiriza\u00e7\u00e3o (ciganos), a BROWe! est\u00e1 sempre em busca de proporcionar novas experi\u00eancias e cervejas excelentes.&nbsp; Nossa f\u00e1brica conta com uma \u00e1rea de atendimento com 10 torneiras sempre abastecidas [&hellip;]<\/p>\n","protected":false},"author":1,"featured_media":0,"parent":0,"menu_order":0,"comment_status":"closed","ping_status":"closed","template":"","meta":[],"_links":{"self":[{"href":"https:\/\/browe.com.br\/index.php\/wp-json\/wp\/v2\/pages\/20"}],"collection":[{"href":"https:\/\/browe.com.br\/index.php\/wp-json\/wp\/v2\/pages"}],"about":[{"href":"https:\/\/browe.com.br\/index.php\/wp-json\/wp\/v2\/types\/page"}],"author":[{"embeddable":true,"href":"https:\/\/browe.com.br\/index.php\/wp-json\/wp\/v2\/users\/1"}],"replies":[{"embeddable":true,"href":"https:\/\/browe.com.br\/index.php\/wp-json\/wp\/v2\/comments?post=20"}],"version-history":[{"count":4,"href":"https:\/\/browe.com.br\/index.php\/wp-json\/wp\/v2\/pages\/20\/revisions"}],"predecessor-version":[{"id":138,"href":"https:\/\/browe.com.br\/index.php\/wp-json\/wp\/v2\/pages\/20\/revisions\/138"}],"wp:attachment":[{"href":"https:\/\/browe.com.br\/index.php\/wp-json\/wp\/v2\/media?parent=20"}],"curies":[{"name":"wp","href":"https:\/\/api.w.org\/{rel}","templated":true}]}}