{"id":106,"date":"2020-06-21T14:06:32","date_gmt":"2020-06-21T17:06:32","guid":{"rendered":"https:\/\/browe.com.br\/?page_id=106"},"modified":"2020-06-21T14:06:48","modified_gmt":"2020-06-21T17:06:48","slug":"loja-browe","status":"publish","type":"page","link":"https:\/\/browe.com.br\/index.php\/loja-browe\/","title":{"rendered":"Loja BROWe"},"content":{"rendered":"\n<p>Para voc\u00ea, que n\u00e3o \u00e9 de S\u00e3o Jos\u00e9 dos Campos e quer comprar uma BROWe, temos uma loja online e enviamos para todo o Brasil!<\/p>\n\n\n\n<p>Acesse atrav\u00e9s do <a href=\"http:\/\/loja.browe.com.br\" target=\"_blank\" rel=\"noreferrer noopener\">link<\/a>.<\/p>\n","protected":false},"excerpt":{"rendered":"<p>Para voc\u00ea, que n\u00e3o \u00e9 de S\u00e3o Jos\u00e9 dos Campos e quer comprar uma BROWe, temos uma loja online e enviamos para todo o Brasil! Acesse atrav\u00e9s do link.<\/p>\n","protected":false},"author":1,"featured_media":0,"parent":0,"menu_order":4,"comment_status":"closed","ping_status":"closed","template":"","meta":[],"_links":{"self":[{"href":"https:\/\/browe.com.br\/index.php\/wp-json\/wp\/v2\/pages\/106"}],"collection":[{"href":"https:\/\/browe.com.br\/index.php\/wp-json\/wp\/v2\/pages"}],"about":[{"href":"https:\/\/browe.com.br\/index.php\/wp-json\/wp\/v2\/types\/page"}],"author":[{"embeddable":true,"href":"https:\/\/browe.com.br\/index.php\/wp-json\/wp\/v2\/users\/1"}],"replies":[{"embeddable":true,"href":"https:\/\/browe.com.br\/index.php\/wp-json\/wp\/v2\/comments?post=106"}],"version-history":[{"count":1,"href":"https:\/\/browe.com.br\/index.php\/wp-json\/wp\/v2\/pages\/106\/revisions"}],"predecessor-version":[{"id":107,"href":"https:\/\/browe.com.br\/index.php\/wp-json\/wp\/v2\/pages\/106\/revisions\/107"}],"wp:attachment":[{"href":"https:\/\/browe.com.br\/index.php\/wp-json\/wp\/v2\/media?parent=106"}],"curies":[{"name":"wp","href":"https:\/\/api.w.org\/{rel}","templated":true}]}}